{"id":9319,"date":"2017-08-23T14:27:13","date_gmt":"2017-08-23T13:27:13","guid":{"rendered":"https:\/\/www.sklizeno.cz\/o-nas\/?page_id=9319"},"modified":"2022-05-24T14:10:01","modified_gmt":"2022-05-24T13:10:01","slug":"darkove-vouchery","status":"publish","type":"page","link":"https:\/\/www.sklizeno.cz\/o-nas\/darkove-vouchery\/","title":{"rendered":"D\u00e1rkov\u00e9 vouchery"},"content":{"rendered":"\n<div class=\"wp-block-group\"><div class=\"wp-block-group__inner-container\">\n<div class=\"wp-block-image\"><figure class=\"alignleft size-large is-resized\"><img loading=\"lazy\" src=\"https:\/\/www.sklizeno.cz\/o-nas\/wp-content\/uploads\/sites\/2\/2022\/05\/voucher300-632x333.jpg\" alt=\"\" class=\"wp-image-14794\" width=\"316\" height=\"167\" srcset=\"https:\/\/www.sklizeno.cz\/o-nas\/wp-content\/uploads\/sites\/2\/2022\/05\/voucher300-632x333.jpg 632w, https:\/\/www.sklizeno.cz\/o-nas\/wp-content\/uploads\/sites\/2\/2022\/05\/voucher300-300x158.jpg 300w, https:\/\/www.sklizeno.cz\/o-nas\/wp-content\/uploads\/sites\/2\/2022\/05\/voucher300-768x404.jpg 768w, https:\/\/www.sklizeno.cz\/o-nas\/wp-content\/uploads\/sites\/2\/2022\/05\/voucher300-1536x808.jpg 1536w, https:\/\/www.sklizeno.cz\/o-nas\/wp-content\/uploads\/sites\/2\/2022\/05\/voucher300-1110x583.jpg 1110w, https:\/\/www.sklizeno.cz\/o-nas\/wp-content\/uploads\/sites\/2\/2022\/05\/voucher300.jpg 1889w\" sizes=\"(max-width: 316px) 100vw, 316px\" \/><\/figure><\/div>\n<\/div><\/div>\n\n\n\n<p class=\"has-text-align-left\">Zn\u00e1te n\u011bkoho, kdo m\u00e1 r\u00e1d dobr\u00e9 j\u00eddlo, cht\u011bli byste mu ud\u011blat radost n\u011bjakou dobrotou, ale nev\u00edte, co konkr\u00e9tn\u011b koupit? Mysleli jsme i na tuto situaci! V nab\u00eddce pro v\u00e1s m\u00e1me d\u00e1rkov\u00e9 poukazy v hodnot\u011b 300, 500 a 700 K\u010d.<\/p>\n\n\n\n<p>K dost\u00e1n\u00ed jsou na v\u0161ech pobo\u010dk\u00e1ch Sklizeno, kde je tak\u00e9 uplatn\u00edte.<\/p>\n\n\n\n<p>V\u00edce informac\u00ed v\u00e1m r\u00e1di sd\u011bl\u00edme p\u0159\u00edmo v na\u0161ich prodejn\u00e1ch.<\/p>\n\n\n\n<p>Va\u0161e Sklizeno<\/p>\n\n\n<p><!-- \/wp:group --><\/p>\n\n<!-- wp:paragraph -->\n<p><\/p>\n<!-- \/wp:paragraph -->","protected":false},"excerpt":{"rendered":"<p>Zn\u00e1te n\u011bkoho, kdo m\u00e1 r\u00e1d dobr\u00e9 j\u00eddlo, cht\u011bli byste mu ud\u011blat radost n\u011bjakou dobrotou, ale nev\u00edte, co konkr\u00e9tn\u011b koupit? Mysleli jsme i na tuto situaci! V nab\u00eddce pro v\u00e1s m\u00e1me d\u00e1rkov\u00e9 poukazy v hodnot\u011b 300, 500 a 700 K\u010d. K dost\u00e1n\u00ed jsou na v\u0161ech pobo\u010dk\u00e1ch Sklizeno, kde je tak\u00e9 uplatn\u00edte. V\u00edce informac\u00ed v\u00e1m r\u00e1di sd\u011bl\u00edme [&hellip;]<\/p>\n","protected":false},"author":27,"featured_media":0,"parent":0,"menu_order":35,"comment_status":"closed","ping_status":"closed","template":"","meta":[],"_links":{"self":[{"href":"https:\/\/www.sklizeno.cz\/o-nas\/wp-json\/wp\/v2\/pages\/9319"}],"collection":[{"href":"https:\/\/www.sklizeno.cz\/o-nas\/wp-json\/wp\/v2\/pages"}],"about":[{"href":"https:\/\/www.sklizeno.cz\/o-nas\/wp-json\/wp\/v2\/types\/page"}],"author":[{"embeddable":true,"href":"https:\/\/www.sklizeno.cz\/o-nas\/wp-json\/wp\/v2\/users\/27"}],"replies":[{"embeddable":true,"href":"https:\/\/www.sklizeno.cz\/o-nas\/wp-json\/wp\/v2\/comments?post=9319"}],"version-history":[{"count":32,"href":"https:\/\/www.sklizeno.cz\/o-nas\/wp-json\/wp\/v2\/pages\/9319\/revisions"}],"predecessor-version":[{"id":14796,"href":"https:\/\/www.sklizeno.cz\/o-nas\/wp-json\/wp\/v2\/pages\/9319\/revisions\/14796"}],"wp:attachment":[{"href":"https:\/\/www.sklizeno.cz\/o-nas\/wp-json\/wp\/v2\/media?parent=9319"}],"curies":[{"name":"wp","href":"https:\/\/api.w.org\/{rel}","templated":true}]}}