{"id":3348,"date":"2015-04-28T13:00:11","date_gmt":"2015-04-28T12:00:11","guid":{"rendered":"https:\/\/www.sklizeno.cz\/o-nas\/?page_id=3348"},"modified":"2022-04-20T16:03:18","modified_gmt":"2022-04-20T15:03:18","slug":"pro-media","status":"publish","type":"page","link":"https:\/\/www.sklizeno.cz\/o-nas\/pro-media\/","title":{"rendered":"PRO M\u00c9DIA"},"content":{"rendered":"<h3>KONTAKT PRO M\u00c9DIA<\/h3>\n<p><strong>Richard Ulrych<\/strong><\/p>\n<p>e-mail: <a href=\"mailto:richard.ulrych@sklizeno.cz\">richard.ulrych@sklizeno.cz<\/a><\/p>\n<hr>\n<h3>&nbsp;TISKOV\u00c9 ZPR\u00c1VY<\/h3>\n<p><a href=\"https:\/\/www.sklizeno.cz\/o-nas\/wp-content\/uploads\/sites\/2\/2021\/09\/SKLIZENO-slavi-10-let.pdf\">31. srpna 2021: SKLIZENO oslav\u00ed v z\u00e1\u0159\u00ed 10 let od otev\u0159en\u00ed prvn\u00ed prodejny<\/a><\/p>\n<p><a href=\"https:\/\/www.sklizeno.cz\/o-nas\/wp-content\/uploads\/sites\/2\/2020\/05\/Sklizeno_200427_tiskova%CC%81-zpra%CC%81va_e-shopy.pdf\">27. dubna 2020: Sklizeno znovu spou\u0161t\u00ed e-shopy<\/a><\/p>\n<hr>\n<h3>FOTOGALERIE<\/h3>\n<h4>NA\u0160E PRODEJNY<\/h4>\n<p><img loading=\"lazy\" class=\"alignright wp-image-14611 size-medium\" src=\"https:\/\/www.sklizeno.cz\/o-nas\/wp-content\/uploads\/sites\/2\/2022\/02\/exterier-300x187.jpg\" alt=\"\" width=\"300\" height=\"187\" srcset=\"https:\/\/www.sklizeno.cz\/o-nas\/wp-content\/uploads\/sites\/2\/2022\/02\/exterier-300x187.jpg 300w, https:\/\/www.sklizeno.cz\/o-nas\/wp-content\/uploads\/sites\/2\/2022\/02\/exterier.jpg 620w\" sizes=\"(max-width: 300px) 100vw, 300px\" \/> <img loading=\"lazy\" class=\"alignright wp-image-14613 size-medium\" src=\"https:\/\/www.sklizeno.cz\/o-nas\/wp-content\/uploads\/sites\/2\/2022\/02\/obchod_11-300x187.jpg\" alt=\"\" width=\"300\" height=\"187\" srcset=\"https:\/\/www.sklizeno.cz\/o-nas\/wp-content\/uploads\/sites\/2\/2022\/02\/obchod_11-300x187.jpg 300w, https:\/\/www.sklizeno.cz\/o-nas\/wp-content\/uploads\/sites\/2\/2022\/02\/obchod_11.jpg 620w\" sizes=\"(max-width: 300px) 100vw, 300px\" \/> <img loading=\"lazy\" class=\"alignright wp-image-14612 size-medium\" src=\"https:\/\/www.sklizeno.cz\/o-nas\/wp-content\/uploads\/sites\/2\/2022\/02\/obchod_nusle-300x187.jpg\" alt=\"\" width=\"300\" height=\"187\" srcset=\"https:\/\/www.sklizeno.cz\/o-nas\/wp-content\/uploads\/sites\/2\/2022\/02\/obchod_nusle-300x187.jpg 300w, https:\/\/www.sklizeno.cz\/o-nas\/wp-content\/uploads\/sites\/2\/2022\/02\/obchod_nusle.jpg 620w\" sizes=\"(max-width: 300px) 100vw, 300px\" \/><\/p>\n<p><img loading=\"lazy\" class=\"alignright wp-image-14615 size-medium\" src=\"https:\/\/www.sklizeno.cz\/o-nas\/wp-content\/uploads\/sites\/2\/2022\/02\/zelenina-300x187.jpg\" alt=\"\" width=\"300\" height=\"187\" srcset=\"https:\/\/www.sklizeno.cz\/o-nas\/wp-content\/uploads\/sites\/2\/2022\/02\/zelenina-300x187.jpg 300w, https:\/\/www.sklizeno.cz\/o-nas\/wp-content\/uploads\/sites\/2\/2022\/02\/zelenina.jpg 620w\" sizes=\"(max-width: 300px) 100vw, 300px\" \/> <img loading=\"lazy\" class=\"alignright wp-image-14616 size-medium\" src=\"https:\/\/www.sklizeno.cz\/o-nas\/wp-content\/uploads\/sites\/2\/2022\/02\/sklizeno_chleb-300x187.jpg\" alt=\"\" width=\"300\" height=\"187\" srcset=\"https:\/\/www.sklizeno.cz\/o-nas\/wp-content\/uploads\/sites\/2\/2022\/02\/sklizeno_chleb-300x187.jpg 300w, https:\/\/www.sklizeno.cz\/o-nas\/wp-content\/uploads\/sites\/2\/2022\/02\/sklizeno_chleb.jpg 620w\" sizes=\"(max-width: 300px) 100vw, 300px\" \/> <img loading=\"lazy\" class=\"alignright wp-image-14617 size-medium\" src=\"https:\/\/www.sklizeno.cz\/o-nas\/wp-content\/uploads\/sites\/2\/2022\/02\/pult_sladke-300x187.jpg\" alt=\"\" width=\"300\" height=\"187\" srcset=\"https:\/\/www.sklizeno.cz\/o-nas\/wp-content\/uploads\/sites\/2\/2022\/02\/pult_sladke-300x187.jpg 300w, https:\/\/www.sklizeno.cz\/o-nas\/wp-content\/uploads\/sites\/2\/2022\/02\/pult_sladke.jpg 620w\" sizes=\"(max-width: 300px) 100vw, 300px\" \/><\/p>\n<p><img loading=\"lazy\" class=\"alignright wp-image-14614 size-medium\" src=\"https:\/\/www.sklizeno.cz\/o-nas\/wp-content\/uploads\/sites\/2\/2022\/02\/prodejna_brevnov_1-300x187.jpg\" alt=\"\" width=\"300\" height=\"187\" srcset=\"https:\/\/www.sklizeno.cz\/o-nas\/wp-content\/uploads\/sites\/2\/2022\/02\/prodejna_brevnov_1-300x187.jpg 300w, https:\/\/www.sklizeno.cz\/o-nas\/wp-content\/uploads\/sites\/2\/2022\/02\/prodejna_brevnov_1.jpg 620w\" sizes=\"(max-width: 300px) 100vw, 300px\" \/> <img loading=\"lazy\" class=\"alignright wp-image-14610 size-medium\" src=\"https:\/\/www.sklizeno.cz\/o-nas\/wp-content\/uploads\/sites\/2\/2022\/02\/interier_33-300x187.jpg\" alt=\"\" width=\"300\" height=\"187\" srcset=\"https:\/\/www.sklizeno.cz\/o-nas\/wp-content\/uploads\/sites\/2\/2022\/02\/interier_33-300x187.jpg 300w, https:\/\/www.sklizeno.cz\/o-nas\/wp-content\/uploads\/sites\/2\/2022\/02\/interier_33.jpg 620w\" sizes=\"(max-width: 300px) 100vw, 300px\" \/> <img loading=\"lazy\" class=\"alignright wp-image-14609 size-medium\" src=\"https:\/\/www.sklizeno.cz\/o-nas\/wp-content\/uploads\/sites\/2\/2022\/02\/prodejna_pult-300x187.jpg\" alt=\"\" width=\"300\" height=\"187\" srcset=\"https:\/\/www.sklizeno.cz\/o-nas\/wp-content\/uploads\/sites\/2\/2022\/02\/prodejna_pult-300x187.jpg 300w, https:\/\/www.sklizeno.cz\/o-nas\/wp-content\/uploads\/sites\/2\/2022\/02\/prodejna_pult.jpg 620w\" sizes=\"(max-width: 300px) 100vw, 300px\" \/><\/p>\n","protected":false},"excerpt":{"rendered":"<p>KONTAKT PRO M\u00c9DIA Richard Ulrych e-mail: richard.ulrych@sklizeno.cz &nbsp;TISKOV\u00c9 ZPR\u00c1VY 31. srpna 2021: SKLIZENO oslav\u00ed v z\u00e1\u0159\u00ed 10 let od otev\u0159en\u00ed prvn\u00ed prodejny 27. dubna 2020: Sklizeno znovu spou\u0161t\u00ed e-shopy FOTOGALERIE NA\u0160E PRODEJNY<\/p>\n","protected":false},"author":2,"featured_media":0,"parent":0,"menu_order":72,"comment_status":"open","ping_status":"closed","template":"","meta":[],"_links":{"self":[{"href":"https:\/\/www.sklizeno.cz\/o-nas\/wp-json\/wp\/v2\/pages\/3348"}],"collection":[{"href":"https:\/\/www.sklizeno.cz\/o-nas\/wp-json\/wp\/v2\/pages"}],"about":[{"href":"https:\/\/www.sklizeno.cz\/o-nas\/wp-json\/wp\/v2\/types\/page"}],"author":[{"embeddable":true,"href":"https:\/\/www.sklizeno.cz\/o-nas\/wp-json\/wp\/v2\/users\/2"}],"replies":[{"embeddable":true,"href":"https:\/\/www.sklizeno.cz\/o-nas\/wp-json\/wp\/v2\/comments?post=3348"}],"version-history":[{"count":25,"href":"https:\/\/www.sklizeno.cz\/o-nas\/wp-json\/wp\/v2\/pages\/3348\/revisions"}],"predecessor-version":[{"id":14630,"href":"https:\/\/www.sklizeno.cz\/o-nas\/wp-json\/wp\/v2\/pages\/3348\/revisions\/14630"}],"wp:attachment":[{"href":"https:\/\/www.sklizeno.cz\/o-nas\/wp-json\/wp\/v2\/media?parent=3348"}],"curies":[{"name":"wp","href":"https:\/\/api.w.org\/{rel}","templated":true}]}}