{"id":15213,"date":"2023-07-13T14:39:43","date_gmt":"2023-07-13T13:39:43","guid":{"rendered":"https:\/\/www.sklizeno.cz\/o-nas\/?page_id=15213"},"modified":"2023-07-13T14:39:44","modified_gmt":"2023-07-13T13:39:44","slug":"sklizeno-lisen-2","status":"publish","type":"page","link":"https:\/\/www.sklizeno.cz\/o-nas\/sklizeno-lisen-2\/","title":{"rendered":"SKLIZENO L\u00ed\u0161e\u0148"},"content":{"rendered":"","protected":false},"excerpt":{"rendered":"","protected":false},"author":40,"featured_media":14195,"parent":0,"menu_order":46,"comment_status":"open","ping_status":"closed","template":"pobocka.php","meta":[],"_links":{"self":[{"href":"https:\/\/www.sklizeno.cz\/o-nas\/wp-json\/wp\/v2\/pages\/15213"}],"collection":[{"href":"https:\/\/www.sklizeno.cz\/o-nas\/wp-json\/wp\/v2\/pages"}],"about":[{"href":"https:\/\/www.sklizeno.cz\/o-nas\/wp-json\/wp\/v2\/types\/page"}],"author":[{"embeddable":true,"href":"https:\/\/www.sklizeno.cz\/o-nas\/wp-json\/wp\/v2\/users\/40"}],"replies":[{"embeddable":true,"href":"https:\/\/www.sklizeno.cz\/o-nas\/wp-json\/wp\/v2\/comments?post=15213"}],"version-history":[{"count":1,"href":"https:\/\/www.sklizeno.cz\/o-nas\/wp-json\/wp\/v2\/pages\/15213\/revisions"}],"predecessor-version":[{"id":15214,"href":"https:\/\/www.sklizeno.cz\/o-nas\/wp-json\/wp\/v2\/pages\/15213\/revisions\/15214"}],"wp:featuredmedia":[{"embeddable":true,"href":"https:\/\/www.sklizeno.cz\/o-nas\/wp-json\/wp\/v2\/media\/14195"}],"wp:attachment":[{"href":"https:\/\/www.sklizeno.cz\/o-nas\/wp-json\/wp\/v2\/media?parent=15213"}],"curies":[{"name":"wp","href":"https:\/\/api.w.org\/{rel}","templated":true}]}}