{"id":12889,"date":"2019-12-04T14:28:51","date_gmt":"2019-12-04T13:28:51","guid":{"rendered":"https:\/\/www.sklizeno.cz\/o-nas\/?page_id=12889"},"modified":"2019-12-04T14:30:17","modified_gmt":"2019-12-04T13:30:17","slug":"mfm-ochrana-osobnich-udaju","status":"publish","type":"page","link":"https:\/\/www.sklizeno.cz\/o-nas\/mfm-ochrana-osobnich-udaju\/","title":{"rendered":"Ochrana osobn\u00edch \u00fadaj\u016f"},"content":{"rendered":"","protected":false},"excerpt":{"rendered":"","protected":false},"author":21,"featured_media":0,"parent":0,"menu_order":6,"comment_status":"closed","ping_status":"closed","template":"","meta":[],"_links":{"self":[{"href":"https:\/\/www.sklizeno.cz\/o-nas\/wp-json\/wp\/v2\/pages\/12889"}],"collection":[{"href":"https:\/\/www.sklizeno.cz\/o-nas\/wp-json\/wp\/v2\/pages"}],"about":[{"href":"https:\/\/www.sklizeno.cz\/o-nas\/wp-json\/wp\/v2\/types\/page"}],"author":[{"embeddable":true,"href":"https:\/\/www.sklizeno.cz\/o-nas\/wp-json\/wp\/v2\/users\/21"}],"replies":[{"embeddable":true,"href":"https:\/\/www.sklizeno.cz\/o-nas\/wp-json\/wp\/v2\/comments?post=12889"}],"version-history":[{"count":4,"href":"https:\/\/www.sklizeno.cz\/o-nas\/wp-json\/wp\/v2\/pages\/12889\/revisions"}],"predecessor-version":[{"id":12896,"href":"https:\/\/www.sklizeno.cz\/o-nas\/wp-json\/wp\/v2\/pages\/12889\/revisions\/12896"}],"wp:attachment":[{"href":"https:\/\/www.sklizeno.cz\/o-nas\/wp-json\/wp\/v2\/media?parent=12889"}],"curies":[{"name":"wp","href":"https:\/\/api.w.org\/{rel}","templated":true}]}}