{"id":12709,"date":"2019-11-14T09:49:15","date_gmt":"2019-11-14T08:49:15","guid":{"rendered":"https:\/\/www.sklizeno.cz\/o-nas\/?page_id=12709"},"modified":"2020-05-20T15:00:31","modified_gmt":"2020-05-20T14:00:31","slug":"ochrana-osobnich-udaju","status":"publish","type":"page","link":"https:\/\/www.sklizeno.cz\/o-nas\/ochrana-osobnich-udaju\/","title":{"rendered":"Ochrana osobn\u00edch \u00fadaj\u016f"},"content":{"rendered":"<p style=\"text-align: center\"><strong>OCHRANA OSOBN\u00cdCH \u00daDAJ\u016e V R\u00c1MCI V\u011aRNOSTN\u00cdHO PROGRAMU<\/strong><\/p>\n<p>&nbsp;<\/p>\n<ul>\n<li>\u010clen V\u011brnostn\u00edho programu SKLIZENO vypln\u011bn\u00edm a odevzd\u00e1n\u00edm registra\u010dn\u00edho formul\u00e1\u0159e na n\u011bkter\u00e9 ze \u010dlensk\u00fdch prodejen \u010di jeho odesl\u00e1n\u00edm online souhlas\u00ed se za\u0159azen\u00edm j\u00edm poskytnut\u00fdch osobn\u00edch \u00fadaj\u016f v rozsahu jm\u00e9no, p\u0159\u00edjmen\u00ed, p\u0159\u00edpadn\u011b titul, m\u011bsto, ulice a PS\u010c bydli\u0161t\u011b, data narozen\u00ed, emailov\u00e9 adresy a telefonn\u00edho \u010d\u00edsla (d\u00e1le jen \u201e<em>\u00dadaje<\/em>\u201c) do datab\u00e1ze provozovatele, kter\u00fd m\u00e1 postaven\u00ed spr\u00e1vce osobn\u00edch \u00fadaj\u016f dle na\u0159\u00edzen\u00ed Evropsk\u00e9ho parlamentu a Rady (EU) 2016\/679 o ochran\u011b fyzick\u00fdch osob v souvislosti se zpracov\u00e1n\u00edm osobn\u00edch \u00fadaj\u016f a o voln\u00e9m pohybu t\u011bchto \u00fadaj\u016f (d\u00e1le jen \u201e<em>GDPR<\/em>\u201d) s t\u00edm, \u017ee k \u00dadaj\u016fm mohou b\u00fdt p\u0159i\u0159azeny i dal\u0161\u00ed \u00fadaje.<\/li>\n<li>\u010clen V\u011brnostn\u00edho programu SKLIZENO sou\u010dasn\u011b bere na v\u011bdom\u00ed a souhlas\u00ed, \u017ee provozovatel je opr\u00e1vn\u011bn zpracov\u00e1vat jeho \u00dadaje prost\u0159ednictv\u00edm j\u00edm vybran\u00e9ho zpracovatele. Provozovatel zpracov\u00e1v\u00e1 \u00dadaje za \u00fa\u010delem veden\u00ed \u00fa\u010dtu \u010dlena V\u011brnostn\u00edho\u00a0 programu SKLIZENO pro \u010derp\u00e1n\u00ed v\u00fdhod v r\u00e1mci V\u011brnostn\u00edho programu SKLIZENO a d\u00e1le nab\u00edzen\u00ed obchodu nebo slu\u017eeb, v\u010detn\u011b zas\u00edl\u00e1n\u00ed informac\u00ed o po\u0159\u00e1dan\u00fdch akc\u00edch, v\u00fdrobc\u00edch (produktech) a jin\u00fdch aktivit\u00e1ch provozovatele (marketingov\u00e9 \u00fa\u010dely), jako\u017e i zas\u00edl\u00e1n\u00ed obchodn\u00edch sd\u011blen\u00ed prost\u0159ednictv\u00edm elektronick\u00fdch prost\u0159edk\u016f dle z\u00e1kona \u010d. 480\/2004 Sb., neodm\u00edtl-li \u010dlen V\u011brnostn\u00edho programu SKLIZENO mo\u017enost zas\u00edl\u00e1n\u00ed obchodn\u00edch sd\u011blen\u00ed ozna\u010den\u00edm p\u0159\u00edslu\u0161n\u00e9 kolonky v registra\u010dn\u00edm formul\u00e1\u0159i.<\/li>\n<li>Souhlas \u010dlena V\u011brnostn\u00edho programu SKLIZENO se zpracov\u00e1n\u00edm \u00dadaj\u016f je poskytov\u00e1n na dobu trv\u00e1n\u00ed \u010dlenstv\u00ed \u010dlena ve V\u011brnostn\u00edm programu SKLIZENO.<\/li>\n<li>Poskytnut\u00ed \u00dadaj\u016f \u010dlenem V\u011brnostn\u00edho programu SKLIZENO je dobrovoln\u00e9. Provozovatel uji\u0161\u0165uje \u010dlena V\u011brnostn\u00edho programu SKLIZENO, \u017ee ve\u0161ker\u00e9 \u00dadaje, kter\u00e9 provozovateli poskytne, jsou ur\u010deny v\u00fdhradn\u011b pro pot\u0159eby provozovatele.<\/li>\n<li>\u010clen V\u011brnostn\u00edho programu SKLIZENO bere na v\u011bdom\u00ed, \u017ee m\u00e1 pr\u00e1va dle \u010dl. 12 \u2013 23 GDPR, tj. zejm\u00e9na pr\u00e1vo na p\u0159\u00edstup k\u00a0\u00dadaj\u016fm a pr\u00e1vo na opravu \u00dadaj\u016f. Zjist\u00ed-li nebo domn\u00edv\u00e1-li se \u010dlen V\u011brnostn\u00edho programu SKLIZENO, \u017ee provozovatel nebo j\u00edm pov\u011b\u0159en\u00fd zpracovatel prov\u00e1d\u00ed zpracov\u00e1n\u00ed jeho \u00dadaj\u016f, kter\u00e9 je v rozporu s ochranou jeho soukrom\u00e9ho a osobn\u00edho \u017eivota nebo v rozporu se z\u00e1konem, zejm\u00e9na jsou-li \u00dadaje nep\u0159esn\u00e9 s ohledem na \u00fa\u010del jejich zpracov\u00e1n\u00ed, m\u016f\u017ee \u017e\u00e1dat provozovatele nebo j\u00edm pov\u011b\u0159en\u00e9ho zpracovatele o vysv\u011btlen\u00ed anebo po\u017eadovat odstran\u011bn\u00ed takto vznikl\u00e9ho stavu, zejm\u00e9na blokov\u00e1n\u00edm, proveden\u00edm opravy, dopln\u011bn\u00edm nebo likvidac\u00ed \u00dadaj\u016f. V p\u0159\u00edpad\u011b pochybnost\u00ed o dodr\u017eov\u00e1n\u00ed pr\u00e1v provozovatelem se m\u016f\u017ee \u010dlen V\u011brnostn\u00edho programu SKLIZENO obr\u00e1tit p\u0159\u00edmo na \u00da\u0159ad pro ochranu osobn\u00edch \u00fadaj\u016f. \u010clen V\u011brnostn\u00edho programu SKLIZENO v\u00fdslovn\u011b souhlas\u00ed s t\u00edm, \u017ee provozovatel je opr\u00e1vn\u011bn u\u017e\u00edt v souladu s ustanoven\u00edm \u00a7 84 a n\u00e1sl. z\u00e1kona \u010d. 89\/2012 Sb., ob\u010dansk\u00fd z\u00e1kon\u00edk, bezplatn\u011b jm\u00e9no a p\u0159\u00edjmen\u00ed \u010dlena V\u011brnostn\u00edho programu SKLIZENO na internetov\u00e9 str\u00e1nce provozovatele www.sklizeno.cz v souvislosti s dosa\u017een\u00edm vynikaj\u00edc\u00edch \u00fasp\u011bch\u016f p\u0159i akc\u00edch po\u0159\u00e1dan\u00fdch provozovatelem v r\u00e1mci V\u011brnostn\u00edho programu SKLIZENO.<\/li>\n<\/ul>\n<p>&nbsp;<\/p>\n","protected":false},"excerpt":{"rendered":"<p>OCHRANA OSOBN\u00cdCH \u00daDAJ\u016e V R\u00c1MCI V\u011aRNOSTN\u00cdHO PROGRAMU &nbsp; \u010clen V\u011brnostn\u00edho programu SKLIZENO vypln\u011bn\u00edm a odevzd\u00e1n\u00edm registra\u010dn\u00edho formul\u00e1\u0159e na n\u011bkter\u00e9 ze \u010dlensk\u00fdch prodejen \u010di jeho odesl\u00e1n\u00edm online souhlas\u00ed se za\u0159azen\u00edm j\u00edm poskytnut\u00fdch osobn\u00edch \u00fadaj\u016f v rozsahu jm\u00e9no, p\u0159\u00edjmen\u00ed, p\u0159\u00edpadn\u011b titul, m\u011bsto, ulice a PS\u010c bydli\u0161t\u011b, data narozen\u00ed, emailov\u00e9 adresy a telefonn\u00edho \u010d\u00edsla (d\u00e1le jen \u201e\u00dadaje\u201c) do [&hellip;]<\/p>\n","protected":false},"author":22,"featured_media":0,"parent":0,"menu_order":9,"comment_status":"closed","ping_status":"closed","template":"","meta":[],"_links":{"self":[{"href":"https:\/\/www.sklizeno.cz\/o-nas\/wp-json\/wp\/v2\/pages\/12709"}],"collection":[{"href":"https:\/\/www.sklizeno.cz\/o-nas\/wp-json\/wp\/v2\/pages"}],"about":[{"href":"https:\/\/www.sklizeno.cz\/o-nas\/wp-json\/wp\/v2\/types\/page"}],"author":[{"embeddable":true,"href":"https:\/\/www.sklizeno.cz\/o-nas\/wp-json\/wp\/v2\/users\/22"}],"replies":[{"embeddable":true,"href":"https:\/\/www.sklizeno.cz\/o-nas\/wp-json\/wp\/v2\/comments?post=12709"}],"version-history":[{"count":15,"href":"https:\/\/www.sklizeno.cz\/o-nas\/wp-json\/wp\/v2\/pages\/12709\/revisions"}],"predecessor-version":[{"id":13330,"href":"https:\/\/www.sklizeno.cz\/o-nas\/wp-json\/wp\/v2\/pages\/12709\/revisions\/13330"}],"wp:attachment":[{"href":"https:\/\/www.sklizeno.cz\/o-nas\/wp-json\/wp\/v2\/media?parent=12709"}],"curies":[{"name":"wp","href":"https:\/\/api.w.org\/{rel}","templated":true}]}}