{"id":124,"date":"2014-10-19T20:42:16","date_gmt":"2014-10-19T19:42:16","guid":{"rendered":"https:\/\/www.sklizeno.cz\/o-nas\/?page_id=124"},"modified":"2021-11-19T15:35:32","modified_gmt":"2021-11-19T14:35:32","slug":"chcete-byt-soucasti-tymu-sklizeno-2","status":"publish","type":"page","link":"https:\/\/www.sklizeno.cz\/o-nas\/chcete-byt-soucasti-tymu-sklizeno-2\/","title":{"rendered":"Chcete b\u00fdt sou\u010d\u00e1st\u00ed t\u00fdmu Sklizeno?"},"content":{"rendered":"","protected":false},"excerpt":{"rendered":"","protected":false},"author":1,"featured_media":0,"parent":0,"menu_order":90,"comment_status":"open","ping_status":"open","template":"","meta":[],"_links":{"self":[{"href":"https:\/\/www.sklizeno.cz\/o-nas\/wp-json\/wp\/v2\/pages\/124"}],"collection":[{"href":"https:\/\/www.sklizeno.cz\/o-nas\/wp-json\/wp\/v2\/pages"}],"about":[{"href":"https:\/\/www.sklizeno.cz\/o-nas\/wp-json\/wp\/v2\/types\/page"}],"author":[{"embeddable":true,"href":"https:\/\/www.sklizeno.cz\/o-nas\/wp-json\/wp\/v2\/users\/1"}],"replies":[{"embeddable":true,"href":"https:\/\/www.sklizeno.cz\/o-nas\/wp-json\/wp\/v2\/comments?post=124"}],"version-history":[{"count":3,"href":"https:\/\/www.sklizeno.cz\/o-nas\/wp-json\/wp\/v2\/pages\/124\/revisions"}],"predecessor-version":[{"id":14438,"href":"https:\/\/www.sklizeno.cz\/o-nas\/wp-json\/wp\/v2\/pages\/124\/revisions\/14438"}],"wp:attachment":[{"href":"https:\/\/www.sklizeno.cz\/o-nas\/wp-json\/wp\/v2\/media?parent=124"}],"curies":[{"name":"wp","href":"https:\/\/api.w.org\/{rel}","templated":true}]}}