{"id":10929,"date":"2018-10-31T08:19:48","date_gmt":"2018-10-31T07:19:48","guid":{"rendered":"https:\/\/www.sklizeno.cz\/o-nas\/?page_id=10929"},"modified":"2022-12-13T21:32:28","modified_gmt":"2022-12-13T20:32:28","slug":"firemni-darkove-balicky","status":"publish","type":"page","link":"https:\/\/www.sklizeno.cz\/o-nas\/firemni-darkove-balicky\/","title":{"rendered":"Firemn\u00ed d\u00e1rkov\u00e9 bal\u00ed\u010dky"},"content":{"rendered":"<p style=\"text-align: center;\"><span style=\"color: #000000; font-size: 1.4em;\">Dejte sv\u00fdm obchodn\u00edm partner\u016fm \u010di zam\u011bstnanc\u016fm jako pod\u011bkov\u00e1n\u00ed bal\u00ed\u010dek pln\u00fd poctiv\u00fdch dobrot. J\u00eddlo pot\u011b\u0161\u00ed v\u017edy, ale pouze to kvalitn\u00ed. <\/span><\/p>\n<p style=\"text-align: center;\"><span style=\"color: #000000; font-size: 1.4em;\">D\u00e1rkov\u00e9 bal\u00ed\u010dky v\u00e1m poskl\u00e1d\u00e1me podle va\u0161ich p\u0159edstav.<br \/>\n<\/span><\/p>\n<table class=\"aligncenter\" style=\"height: 451px; width: 867px;\" border=\"1\">\n<tbody>\n<tr style=\"height: 451px;\">\n<td style=\"width: 124px; text-align: center;\"><\/td>\n<td style=\"width: 646.667px; height: 451px; text-align: center;\"><img loading=\"lazy\" class=\"alignright wp-image-14958\" src=\"https:\/\/www.sklizeno.cz\/o-nas\/wp-content\/uploads\/sites\/2\/2022\/12\/1-1-632x422.png\" alt=\"\" width=\"780\" height=\"521\" srcset=\"https:\/\/www.sklizeno.cz\/o-nas\/wp-content\/uploads\/sites\/2\/2022\/12\/1-1-632x422.png 632w, https:\/\/www.sklizeno.cz\/o-nas\/wp-content\/uploads\/sites\/2\/2022\/12\/1-1-300x200.png 300w, https:\/\/www.sklizeno.cz\/o-nas\/wp-content\/uploads\/sites\/2\/2022\/12\/1-1-768x513.png 768w, https:\/\/www.sklizeno.cz\/o-nas\/wp-content\/uploads\/sites\/2\/2022\/12\/1-1.png 1272w\" sizes=\"(max-width: 780px) 100vw, 780px\" \/><\/td>\n<\/tr>\n<\/tbody>\n<\/table>\n<p style=\"text-align: left;\"><span style=\"color: #000000; font-size: 1.8em;\"><br \/>\nD\u00e1rkov\u00fd bal\u00ed\u010dek pro v\u00e1s<\/span><\/p>\n<ul style=\"text-align: center;\">\n<li style=\"text-align: left;\">sestav\u00edme na m\u00edru s\u00a0ohledem na va\u0161e p\u0159\u00e1n\u00ed a rozpo\u010det<\/li>\n<li style=\"text-align: left;\">dobroty lze vybrat i za v\u00e1s<\/li>\n<\/ul>\n<p style=\"text-align: left;\"><span style=\"color: #000000; font-size: 1.8em;\">Co bal\u00ed\u010dky obsahuj\u00ed?<\/span><\/p>\n<p style=\"text-align: left;\">Do bal\u00ed\u010dk\u016f v\u00e1m p\u0159iprav\u00edme co budete cht\u00edt. M\u016f\u017eete se inspirovat z n\u00ed\u017ee uveden\u00fdch bal\u00ed\u010dk\u016f, kter\u00e9 jsme p\u0159ipravovali pro na\u0161e klienty:<\/p>\n<table style=\"border-collapse: collapse; width: 100%;\" border=\"1\">\n<tbody>\n<tr>\n<td style=\"width: 45%; text-align: center;\">\n<h4 style=\"text-align: center;\"><strong>PRO MU\u017dE<\/strong><\/h4>\n<\/td>\n<td style=\"width: 10%;\"><\/td>\n<td style=\"width: 45%; text-align: center;\">\n<h4 style=\"text-align: center;\"><strong>\u00a0PRO \u017dENY<\/strong><\/h4>\n<\/td>\n<\/tr>\n<tr>\n<td style=\"width: 45%; text-align: center;\"><img class=\"alignright wp-image-14960 size-large\" src=\"https:\/\/www.sklizeno.cz\/o-nas\/wp-content\/uploads\/sites\/2\/2022\/12\/3-1-632x422.png\" alt=\"\" width=\"100%\" srcset=\"https:\/\/www.sklizeno.cz\/o-nas\/wp-content\/uploads\/sites\/2\/2022\/12\/3-1-632x422.png 632w, https:\/\/www.sklizeno.cz\/o-nas\/wp-content\/uploads\/sites\/2\/2022\/12\/3-1-300x200.png 300w, https:\/\/www.sklizeno.cz\/o-nas\/wp-content\/uploads\/sites\/2\/2022\/12\/3-1-768x513.png 768w, https:\/\/www.sklizeno.cz\/o-nas\/wp-content\/uploads\/sites\/2\/2022\/12\/3-1-1536x1026.png 1536w, https:\/\/www.sklizeno.cz\/o-nas\/wp-content\/uploads\/sites\/2\/2022\/12\/3-1.png 1696w\" sizes=\"(max-width: 632px) 100vw, 632px\" \/><\/td>\n<td style=\"width: 10%; text-align: center; vertical-align: middle;\">Mal\u00fd<\/td>\n<td style=\"width: 45%; text-align: center;\"><img class=\"alignright wp-image-14966 size-large\" src=\"https:\/\/www.sklizeno.cz\/o-nas\/wp-content\/uploads\/sites\/2\/2022\/12\/9-1-632x422.png\" alt=\"\" width=\"100%\" srcset=\"https:\/\/www.sklizeno.cz\/o-nas\/wp-content\/uploads\/sites\/2\/2022\/12\/9-1-632x422.png 632w, https:\/\/www.sklizeno.cz\/o-nas\/wp-content\/uploads\/sites\/2\/2022\/12\/9-1-300x200.png 300w, https:\/\/www.sklizeno.cz\/o-nas\/wp-content\/uploads\/sites\/2\/2022\/12\/9-1-768x513.png 768w, https:\/\/www.sklizeno.cz\/o-nas\/wp-content\/uploads\/sites\/2\/2022\/12\/9-1-1536x1026.png 1536w, https:\/\/www.sklizeno.cz\/o-nas\/wp-content\/uploads\/sites\/2\/2022\/12\/9-1.png 1696w\" sizes=\"(max-width: 632px) 100vw, 632px\" \/><\/td>\n<\/tr>\n<tr>\n<td style=\"width: 45%; text-align: center;\"><img class=\"alignright wp-image-14962 size-large\" src=\"https:\/\/www.sklizeno.cz\/o-nas\/wp-content\/uploads\/sites\/2\/2022\/12\/5-1-632x422.png\" alt=\"\" width=\"100%\" srcset=\"https:\/\/www.sklizeno.cz\/o-nas\/wp-content\/uploads\/sites\/2\/2022\/12\/5-1-632x422.png 632w, https:\/\/www.sklizeno.cz\/o-nas\/wp-content\/uploads\/sites\/2\/2022\/12\/5-1-300x200.png 300w, https:\/\/www.sklizeno.cz\/o-nas\/wp-content\/uploads\/sites\/2\/2022\/12\/5-1-768x513.png 768w, https:\/\/www.sklizeno.cz\/o-nas\/wp-content\/uploads\/sites\/2\/2022\/12\/5-1-1536x1026.png 1536w, https:\/\/www.sklizeno.cz\/o-nas\/wp-content\/uploads\/sites\/2\/2022\/12\/5-1.png 1696w\" sizes=\"(max-width: 632px) 100vw, 632px\" \/><\/td>\n<td style=\"width: 10%; text-align: center; vertical-align: middle;\">St\u0159edn\u00ed<\/td>\n<td style=\"width: 45%; text-align: center;\"><img class=\"alignright wp-image-14968 size-large\" src=\"https:\/\/www.sklizeno.cz\/o-nas\/wp-content\/uploads\/sites\/2\/2022\/12\/11-1-632x422.png\" alt=\"\" width=\"100%\" srcset=\"https:\/\/www.sklizeno.cz\/o-nas\/wp-content\/uploads\/sites\/2\/2022\/12\/11-1-632x422.png 632w, https:\/\/www.sklizeno.cz\/o-nas\/wp-content\/uploads\/sites\/2\/2022\/12\/11-1-300x200.png 300w, https:\/\/www.sklizeno.cz\/o-nas\/wp-content\/uploads\/sites\/2\/2022\/12\/11-1-768x513.png 768w, https:\/\/www.sklizeno.cz\/o-nas\/wp-content\/uploads\/sites\/2\/2022\/12\/11-1-1536x1026.png 1536w, https:\/\/www.sklizeno.cz\/o-nas\/wp-content\/uploads\/sites\/2\/2022\/12\/11-1.png 1696w\" sizes=\"(max-width: 632px) 100vw, 632px\" \/><\/td>\n<\/tr>\n<tr>\n<td style=\"width: 45%; text-align: center;\"><img class=\"alignright wp-image-14958 size-large\" src=\"https:\/\/www.sklizeno.cz\/o-nas\/wp-content\/uploads\/sites\/2\/2022\/12\/1-1-632x422.png\" alt=\"\" width=\"100%\" srcset=\"https:\/\/www.sklizeno.cz\/o-nas\/wp-content\/uploads\/sites\/2\/2022\/12\/1-1-632x422.png 632w, https:\/\/www.sklizeno.cz\/o-nas\/wp-content\/uploads\/sites\/2\/2022\/12\/1-1-300x200.png 300w, https:\/\/www.sklizeno.cz\/o-nas\/wp-content\/uploads\/sites\/2\/2022\/12\/1-1-768x513.png 768w, https:\/\/www.sklizeno.cz\/o-nas\/wp-content\/uploads\/sites\/2\/2022\/12\/1-1.png 1272w\" sizes=\"(max-width: 632px) 100vw, 632px\" \/><\/td>\n<td style=\"width: 10%; text-align: center; vertical-align: middle;\">Velk\u00fd<\/td>\n<td style=\"width: 45%; text-align: center;\"><img class=\"alignright wp-image-14969 size-large\" src=\"https:\/\/www.sklizeno.cz\/o-nas\/wp-content\/uploads\/sites\/2\/2022\/12\/12-1-632x422.png\" alt=\"\" width=\"100%\" srcset=\"https:\/\/www.sklizeno.cz\/o-nas\/wp-content\/uploads\/sites\/2\/2022\/12\/12-1-632x422.png 632w, https:\/\/www.sklizeno.cz\/o-nas\/wp-content\/uploads\/sites\/2\/2022\/12\/12-1-300x200.png 300w, https:\/\/www.sklizeno.cz\/o-nas\/wp-content\/uploads\/sites\/2\/2022\/12\/12-1-768x513.png 768w, https:\/\/www.sklizeno.cz\/o-nas\/wp-content\/uploads\/sites\/2\/2022\/12\/12-1-1536x1026.png 1536w, https:\/\/www.sklizeno.cz\/o-nas\/wp-content\/uploads\/sites\/2\/2022\/12\/12-1.png 1696w\" sizes=\"(max-width: 632px) 100vw, 632px\" \/><\/td>\n<\/tr>\n<\/tbody>\n<\/table>\n<table id=\"contact\" class=\"alignleft\" style=\"height: 179px; width: 1049px; border-collapse: collapse; border-style: none; background-color: #10263b;\" border=\"1\">\n<caption>\u00a0<\/caption>\n<tbody>\n<tr style=\"height: 200px;\">\n<td style=\"width: 104px; text-align: center; height: 161px;\">\n<h3><span style=\"color: #c7d530;\">\u00a0<\/span><\/h3>\n<\/td>\n<td style=\"width: 280px; text-align: center; height: 161px; vertical-align: middle;\">\n<h3 style=\"text-align: left;\"><span style=\"color: #c7d530;\">A kter\u00fd bal\u00ed\u010dek<br \/>\n<\/span><span style=\"color: #c7d530;\">si vyberete Vy?<\/span><\/h3>\n<p style=\"text-align: left;\"><span style=\"color: #ffffff;\">info@sklizeno.cz<\/span><\/p>\n<h3><\/h3>\n<\/td>\n<td style=\"width: 390.667px; height: 161px; vertical-align: middle;\"><\/td>\n<\/tr>\n<\/tbody>\n<\/table>\n","protected":false},"excerpt":{"rendered":"<p>Dejte sv\u00fdm obchodn\u00edm partner\u016fm \u010di zam\u011bstnanc\u016fm jako pod\u011bkov\u00e1n\u00ed bal\u00ed\u010dek pln\u00fd poctiv\u00fdch dobrot. J\u00eddlo pot\u011b\u0161\u00ed v\u017edy, ale pouze to kvalitn\u00ed. D\u00e1rkov\u00e9 bal\u00ed\u010dky v\u00e1m poskl\u00e1d\u00e1me podle va\u0161ich p\u0159edstav. D\u00e1rkov\u00fd bal\u00ed\u010dek pro v\u00e1s sestav\u00edme na m\u00edru s\u00a0ohledem na va\u0161e p\u0159\u00e1n\u00ed a rozpo\u010det dobroty lze vybrat i za v\u00e1s Co bal\u00ed\u010dky obsahuj\u00ed? Do bal\u00ed\u010dk\u016f v\u00e1m p\u0159iprav\u00edme co budete cht\u00edt. [&hellip;]<\/p>\n","protected":false},"author":27,"featured_media":0,"parent":0,"menu_order":19,"comment_status":"closed","ping_status":"closed","template":"","meta":[],"_links":{"self":[{"href":"https:\/\/www.sklizeno.cz\/o-nas\/wp-json\/wp\/v2\/pages\/10929"}],"collection":[{"href":"https:\/\/www.sklizeno.cz\/o-nas\/wp-json\/wp\/v2\/pages"}],"about":[{"href":"https:\/\/www.sklizeno.cz\/o-nas\/wp-json\/wp\/v2\/types\/page"}],"author":[{"embeddable":true,"href":"https:\/\/www.sklizeno.cz\/o-nas\/wp-json\/wp\/v2\/users\/27"}],"replies":[{"embeddable":true,"href":"https:\/\/www.sklizeno.cz\/o-nas\/wp-json\/wp\/v2\/comments?post=10929"}],"version-history":[{"count":251,"href":"https:\/\/www.sklizeno.cz\/o-nas\/wp-json\/wp\/v2\/pages\/10929\/revisions"}],"predecessor-version":[{"id":14971,"href":"https:\/\/www.sklizeno.cz\/o-nas\/wp-json\/wp\/v2\/pages\/10929\/revisions\/14971"}],"wp:attachment":[{"href":"https:\/\/www.sklizeno.cz\/o-nas\/wp-json\/wp\/v2\/media?parent=10929"}],"curies":[{"name":"wp","href":"https:\/\/api.w.org\/{rel}","templated":true}]}}